{"id":4409,"date":"2024-10-04T08:34:16","date_gmt":"2024-10-04T08:34:16","guid":{"rendered":"https:\/\/armundiafactory.com\/?page_id=4409"},"modified":"2024-10-04T08:35:18","modified_gmt":"2024-10-04T08:35:18","slug":"quality-assurance","status":"publish","type":"page","link":"https:\/\/armundiafactory.com\/en\/quality-assurance\/","title":{"rendered":"Quality Assurance"},"content":{"rendered":"\t\t<div data-elementor-type=\"wp-page\" data-elementor-id=\"4409\" class=\"elementor elementor-4409\" data-elementor-post-type=\"page\">\n\t\t\t\t<div class=\"elementor-element elementor-element-c5ebc94 e-flex e-con-boxed e-con e-parent\" data-id=\"c5ebc94\" data-element_type=\"container\" data-e-type=\"container\" data-settings=\"{&quot;background_background&quot;:&quot;classic&quot;}\">\n\t\t\t\t\t<div class=\"e-con-inner\">\n\t\t<div class=\"elementor-element elementor-element-8dae600 e-con-full e-flex e-con e-child\" data-id=\"8dae600\" data-element_type=\"container\" data-e-type=\"container\">\n\t\t\t\t<div class=\"elementor-element elementor-element-fb21b36 elementor-widget elementor-widget-heading\" data-id=\"fb21b36\" data-element_type=\"widget\" data-e-type=\"widget\" data-widget_type=\"heading.default\">\n\t\t\t\t<div class=\"elementor-widget-container\">\n\t\t\t\t\t<h1 class=\"elementor-heading-title elementor-size-default\">Quality Assurance<\/h1>\t\t\t\t<\/div>\n\t\t\t\t<\/div>\n\t\t\t\t<\/div>\n\t\t\t\t\t<\/div>\n\t\t\t\t<\/div>\n\t\t<div class=\"elementor-element elementor-element-30b097a e-flex e-con-boxed e-con e-parent\" data-id=\"30b097a\" data-element_type=\"container\" data-e-type=\"container\">\n\t\t\t\t\t<div class=\"e-con-inner\">\n\t\t\t\t<div class=\"elementor-element elementor-element-a405434 elementor-widget elementor-widget-text-editor\" data-id=\"a405434\" data-element_type=\"widget\" data-e-type=\"widget\" data-widget_type=\"text-editor.default\">\n\t\t\t\t<div class=\"elementor-widget-container\">\n\t\t\t\t\t\t\t\t\t<p>Armundia Factory \u00ebsht\u00eb nj\u00eb software house e kontrolluar nga Armundia Group, nj\u00eb kompani italiane me seli n\u00eb Rom\u00eb.<br> Stafi i Armundia Group ka nj\u00eb eksperienc\u00eb 20 vjecare mbi implementimin e software p\u00ebr bankat, financ\u00ebn dhe siguracionet.<br> P\u00ebr deg\u00ebn e Tiran\u00ebs k\u00ebrkohen persona p\u00ebr pozicionin e \u201cQuality Assurance\u201d q\u00eb plot\u00ebsojn\u00eb kushtet e m\u00ebposhtme:<\/p>\t\t\t\t\t\t\t\t<\/div>\n\t\t\t\t<\/div>\n\t\t\t\t<div class=\"elementor-element elementor-element-d98ba69 elementor-widget elementor-widget-text-editor\" data-id=\"d98ba69\" data-element_type=\"widget\" data-e-type=\"widget\" data-widget_type=\"text-editor.default\">\n\t\t\t\t<div class=\"elementor-widget-container\">\n\t\t\t\t\t\t\t\t\t<ul>\n<li>Detyrat<br>\u00b7 do t\u00eb testoj\u00eb modulet aktuale software dhe t\u00eb identifikoj\u00eb problemet<br>\u00b7&nbsp;duhet t\u00eb p\u00ebrgatis\u00eb raportet dhe t\u00eb evidentoj\u00eb problematikat n\u00eb software<br>\u00b7&nbsp;do t\u00eb kryej\u00eb analizimin mbi dokumentacionin e dh\u00ebn\u00eb nga klienti<br>\u00b7&nbsp;do t\u00eb punoj\u00eb ngusht\u00eb me ekipin e zhvilluesve p\u00ebr t\u00eb siguruar cil\u00ebsin\u00eb n\u00eb mir\u00ebmbajtjen e software-ve<br>\u00b7&nbsp;do t\u00eb p\u00ebrgatis\u00eb shkrimin e testcase n\u00eb lidhje me storyt q\u00eb ndodhen n\u00eb tools-et p\u00ebrkat\u00ebse<\/li>\n<li>Kualifikimet \/ K\u00ebrkesat<br>\u00b7&nbsp;t\u00eb ket\u00eb mbaruar asrsimin e lart\u00eb (minimumi diplom\u00eb 3-vjecare)<br>\u00b7&nbsp;t\u00eb ket\u00eb njohuri mbi tools si: JIRA, TESTRAIL, ALM, etc<br>\u00b7&nbsp;aft\u00ebsi p\u00ebr tu relacionuar direkt me klientin dhe p\u00ebr t\u00eb kuptuar nevojat e tij n\u00eb proceset e ndryshme ku punon<br>\u00b7&nbsp;puna n\u00eb grup \u00ebsht\u00eb thelb\u00ebsore<br>\u00b7&nbsp;njohja e gjuh\u00ebs italiane n\u00eb nj\u00eb nivel komunikimi t\u00eb pakt\u00ebn mesatar \u00ebsht\u00eb shum\u00eb e r\u00ebnd\u00ebsishme<br>\u00b7&nbsp;eksperienca nuk \u00ebsht\u00eb e nevojshme<\/li>\n<\/ul>\t\t\t\t\t\t\t\t<\/div>\n\t\t\t\t<\/div>\n\t\t\t\t<div class=\"elementor-element elementor-element-f5a2491 elementor-widget elementor-widget-text-editor\" data-id=\"f5a2491\" data-element_type=\"widget\" data-e-type=\"widget\" data-widget_type=\"text-editor.default\">\n\t\t\t\t<div class=\"elementor-widget-container\">\n\t\t\t\t\t\t\t\t\t<p>Te punosh ne Armundia do te thote te jesh pjese e nje Grupi qe perballet me sfida dhe projekte te ndryshme nderkombetare. Ne Armundia punohet dhe mesohet shume. Rritja teknike dhe profesionale e personave te grupit tone eshte prioritet i kompanise. Eksperienca nuk eshte e nevojshme. Kandidatet e perzgjedhur do punesohen me nje kontrate te rregullt dhe do te nisin nje training on the job i perpiluar nga kompania i kolauduar gjate ketyre viteve.    <\/p>\n<p>Ne qofte se deshironi te punoni ne Armundia dhe mendoni se plotesoni kushtet teknike te mesiperme ju lutemi te na dergoni CV tuaj ne adresen <strong><span style=\"color: #d2091e;\">talent@armundiafactory.com<\/span><\/strong><\/p>\n\t\t\t\t\t\t\t\t<\/div>\n\t\t\t\t<\/div>\n\t\t\t\t\t<\/div>\n\t\t\t\t<\/div>\n\t\t\t\t<\/div>\n\t\t","protected":false},"excerpt":{"rendered":"<p>Quality Assurance Armundia Factory \u00ebsht\u00eb nj\u00eb software house e kontrolluar nga Armundia Group, nj\u00eb kompani italiane me seli n\u00eb Rom\u00eb. Stafi i Armundia Group ka nj\u00eb eksperienc\u00eb 20 vjecare mbi implementimin e software p\u00ebr bankat, financ\u00ebn dhe siguracionet. P\u00ebr deg\u00ebn e Tiran\u00ebs k\u00ebrkohen persona p\u00ebr pozicionin e \u201cQuality Assurance\u201d q\u00eb plot\u00ebsojn\u00eb kushtet e m\u00ebposhtme: Detyrat\u00b7&#8230;<\/p>\n","protected":false},"author":1,"featured_media":0,"parent":0,"menu_order":0,"comment_status":"closed","ping_status":"closed","template":"","meta":{"_kad_post_transparent":"default","_kad_post_title":"hide","_kad_post_layout":"fullwidth","_kad_post_sidebar_id":"","_kad_post_content_style":"unboxed","_kad_post_vertical_padding":"hide","_kad_post_feature":"hide","_kad_post_feature_position":"","_kad_post_header":false,"_kad_post_footer":false,"_kad_post_classname":"","footnotes":""},"class_list":["post-4409","page","type-page","status-publish","hentry"],"yoast_head":"<!-- This site is optimized with the Yoast SEO Premium plugin v23.6 (Yoast SEO v27.3) - https:\/\/yoast.com\/product\/yoast-seo-premium-wordpress\/ -->\n<title>Quality Assurance -<\/title>\n<meta name=\"robots\" content=\"index, follow, max-snippet:-1, max-image-preview:large, max-video-preview:-1\" \/>\n<link rel=\"canonical\" href=\"https:\/\/armundiafactory.com\/quality-assurance\/\" \/>\n<meta property=\"og:locale\" content=\"en_US\" \/>\n<meta property=\"og:type\" content=\"article\" \/>\n<meta property=\"og:title\" content=\"Quality Assurance\" \/>\n<meta property=\"og:description\" content=\"Quality Assurance Armundia Factory \u00ebsht\u00eb nj\u00eb software house e kontrolluar nga Armundia Group, nj\u00eb kompani italiane me seli n\u00eb Rom\u00eb. Stafi i Armundia Group ka nj\u00eb eksperienc\u00eb 20 vjecare mbi implementimin e software p\u00ebr bankat, financ\u00ebn dhe siguracionet. P\u00ebr deg\u00ebn e Tiran\u00ebs k\u00ebrkohen persona p\u00ebr pozicionin e \u201cQuality Assurance\u201d q\u00eb plot\u00ebsojn\u00eb kushtet e m\u00ebposhtme: Detyrat\u00b7...\" \/>\n<meta property=\"og:url\" content=\"https:\/\/armundiafactory.com\/quality-assurance\/\" \/>\n<meta property=\"article:modified_time\" content=\"2024-10-04T08:35:18+00:00\" \/>\n<meta name=\"twitter:card\" content=\"summary_large_image\" \/>\n<meta name=\"twitter:label1\" content=\"Est. reading time\" \/>\n\t<meta name=\"twitter:data1\" content=\"2 minutes\" \/>\n<script type=\"application\/ld+json\" class=\"yoast-schema-graph\">{\"@context\":\"https:\\\/\\\/schema.org\",\"@graph\":[{\"@type\":\"WebPage\",\"@id\":\"https:\\\/\\\/armundiafactory.com\\\/quality-assurance\\\/\",\"url\":\"https:\\\/\\\/armundiafactory.com\\\/quality-assurance\\\/\",\"name\":\"Quality Assurance -\",\"isPartOf\":{\"@id\":\"https:\\\/\\\/armundiafactory.com\\\/en\\\/#website\"},\"datePublished\":\"2024-10-04T08:34:16+00:00\",\"dateModified\":\"2024-10-04T08:35:18+00:00\",\"breadcrumb\":{\"@id\":\"https:\\\/\\\/armundiafactory.com\\\/quality-assurance\\\/#breadcrumb\"},\"inLanguage\":\"en-US\",\"potentialAction\":[{\"@type\":\"ReadAction\",\"target\":[\"https:\\\/\\\/armundiafactory.com\\\/quality-assurance\\\/\"]}]},{\"@type\":\"BreadcrumbList\",\"@id\":\"https:\\\/\\\/armundiafactory.com\\\/quality-assurance\\\/#breadcrumb\",\"itemListElement\":[{\"@type\":\"ListItem\",\"position\":1,\"name\":\"Home\",\"item\":\"https:\\\/\\\/armundiafactory.com\\\/en\\\/\"},{\"@type\":\"ListItem\",\"position\":2,\"name\":\"Quality Assurance\"}]},{\"@type\":\"WebSite\",\"@id\":\"https:\\\/\\\/armundiafactory.com\\\/en\\\/#website\",\"url\":\"https:\\\/\\\/armundiafactory.com\\\/en\\\/\",\"name\":\"\",\"description\":\"\",\"potentialAction\":[{\"@type\":\"SearchAction\",\"target\":{\"@type\":\"EntryPoint\",\"urlTemplate\":\"https:\\\/\\\/armundiafactory.com\\\/en\\\/?s={search_term_string}\"},\"query-input\":{\"@type\":\"PropertyValueSpecification\",\"valueRequired\":true,\"valueName\":\"search_term_string\"}}],\"inLanguage\":\"en-US\"}]}<\/script>\n<!-- \/ Yoast SEO Premium plugin. -->","yoast_head_json":{"title":"Quality Assurance -","robots":{"index":"index","follow":"follow","max-snippet":"max-snippet:-1","max-image-preview":"max-image-preview:large","max-video-preview":"max-video-preview:-1"},"canonical":"https:\/\/armundiafactory.com\/quality-assurance\/","og_locale":"en_US","og_type":"article","og_title":"Quality Assurance","og_description":"Quality Assurance Armundia Factory \u00ebsht\u00eb nj\u00eb software house e kontrolluar nga Armundia Group, nj\u00eb kompani italiane me seli n\u00eb Rom\u00eb. Stafi i Armundia Group ka nj\u00eb eksperienc\u00eb 20 vjecare mbi implementimin e software p\u00ebr bankat, financ\u00ebn dhe siguracionet. P\u00ebr deg\u00ebn e Tiran\u00ebs k\u00ebrkohen persona p\u00ebr pozicionin e \u201cQuality Assurance\u201d q\u00eb plot\u00ebsojn\u00eb kushtet e m\u00ebposhtme: Detyrat\u00b7...","og_url":"https:\/\/armundiafactory.com\/quality-assurance\/","article_modified_time":"2024-10-04T08:35:18+00:00","twitter_card":"summary_large_image","twitter_misc":{"Est. reading time":"2 minutes"},"schema":{"@context":"https:\/\/schema.org","@graph":[{"@type":"WebPage","@id":"https:\/\/armundiafactory.com\/quality-assurance\/","url":"https:\/\/armundiafactory.com\/quality-assurance\/","name":"Quality Assurance -","isPartOf":{"@id":"https:\/\/armundiafactory.com\/en\/#website"},"datePublished":"2024-10-04T08:34:16+00:00","dateModified":"2024-10-04T08:35:18+00:00","breadcrumb":{"@id":"https:\/\/armundiafactory.com\/quality-assurance\/#breadcrumb"},"inLanguage":"en-US","potentialAction":[{"@type":"ReadAction","target":["https:\/\/armundiafactory.com\/quality-assurance\/"]}]},{"@type":"BreadcrumbList","@id":"https:\/\/armundiafactory.com\/quality-assurance\/#breadcrumb","itemListElement":[{"@type":"ListItem","position":1,"name":"Home","item":"https:\/\/armundiafactory.com\/en\/"},{"@type":"ListItem","position":2,"name":"Quality Assurance"}]},{"@type":"WebSite","@id":"https:\/\/armundiafactory.com\/en\/#website","url":"https:\/\/armundiafactory.com\/en\/","name":"","description":"","potentialAction":[{"@type":"SearchAction","target":{"@type":"EntryPoint","urlTemplate":"https:\/\/armundiafactory.com\/en\/?s={search_term_string}"},"query-input":{"@type":"PropertyValueSpecification","valueRequired":true,"valueName":"search_term_string"}}],"inLanguage":"en-US"}]}},"_links":{"self":[{"href":"https:\/\/armundiafactory.com\/en\/wp-json\/wp\/v2\/pages\/4409","targetHints":{"allow":["GET"]}}],"collection":[{"href":"https:\/\/armundiafactory.com\/en\/wp-json\/wp\/v2\/pages"}],"about":[{"href":"https:\/\/armundiafactory.com\/en\/wp-json\/wp\/v2\/types\/page"}],"author":[{"embeddable":true,"href":"https:\/\/armundiafactory.com\/en\/wp-json\/wp\/v2\/users\/1"}],"replies":[{"embeddable":true,"href":"https:\/\/armundiafactory.com\/en\/wp-json\/wp\/v2\/comments?post=4409"}],"version-history":[{"count":4,"href":"https:\/\/armundiafactory.com\/en\/wp-json\/wp\/v2\/pages\/4409\/revisions"}],"predecessor-version":[{"id":4413,"href":"https:\/\/armundiafactory.com\/en\/wp-json\/wp\/v2\/pages\/4409\/revisions\/4413"}],"wp:attachment":[{"href":"https:\/\/armundiafactory.com\/en\/wp-json\/wp\/v2\/media?parent=4409"}],"curies":[{"name":"wp","href":"https:\/\/api.w.org\/{rel}","templated":true}]}}