{"id":4446,"date":"2024-10-04T08:41:39","date_gmt":"2024-10-04T08:41:39","guid":{"rendered":"https:\/\/armundiafactory.com\/junior-java-developer\/"},"modified":"2024-10-04T08:44:12","modified_gmt":"2024-10-04T08:44:12","slug":"junior-java-developer","status":"publish","type":"page","link":"https:\/\/armundiafactory.com\/en\/junior-java-developer\/","title":{"rendered":"Junior Java Developer"},"content":{"rendered":"\t\t<div data-elementor-type=\"wp-page\" data-elementor-id=\"4446\" class=\"elementor elementor-4446 elementor-4439\" data-elementor-post-type=\"page\">\n\t\t\t\t<div class=\"elementor-element elementor-element-e0af762 e-flex e-con-boxed e-con e-parent\" data-id=\"e0af762\" data-element_type=\"container\" data-e-type=\"container\" data-settings=\"{&quot;background_background&quot;:&quot;classic&quot;}\">\n\t\t\t\t\t<div class=\"e-con-inner\">\n\t\t<div class=\"elementor-element elementor-element-45ac373 e-con-full e-flex e-con e-child\" data-id=\"45ac373\" data-element_type=\"container\" data-e-type=\"container\">\n\t\t\t\t<div class=\"elementor-element elementor-element-389c813 elementor-widget elementor-widget-heading\" data-id=\"389c813\" data-element_type=\"widget\" data-e-type=\"widget\" data-widget_type=\"heading.default\">\n\t\t\t\t<div class=\"elementor-widget-container\">\n\t\t\t\t\t<h1 class=\"elementor-heading-title elementor-size-default\">Junior Java Developer<\/h1>\t\t\t\t<\/div>\n\t\t\t\t<\/div>\n\t\t\t\t<\/div>\n\t\t\t\t\t<\/div>\n\t\t\t\t<\/div>\n\t\t<div class=\"elementor-element elementor-element-42dd4db e-flex e-con-boxed e-con e-parent\" data-id=\"42dd4db\" data-element_type=\"container\" data-e-type=\"container\">\n\t\t\t\t\t<div class=\"e-con-inner\">\n\t\t\t\t<div class=\"elementor-element elementor-element-013df9c elementor-widget elementor-widget-text-editor\" data-id=\"013df9c\" data-element_type=\"widget\" data-e-type=\"widget\" data-widget_type=\"text-editor.default\">\n\t\t\t\t<div class=\"elementor-widget-container\">\n\t\t\t\t\t\t\t\t\t<p>Armundia Factory eshte nje software house e kontrolluar nga Armundia Group, nje kompani italiane me seli ne Rome.<br>Stafi i Armundia Group ka nje eksperience 20 vjecare mbi implementimin e software per bankat, financen dhe siguracionet.<br>Kandidati do te punoje me teknologjite me te avancuara JAVA2EE per ndertimin dhe mirmbajtjen e aplikacioneve WEB.<\/p>\n\t\t\t\t\t\t\t\t<\/div>\n\t\t\t\t<\/div>\n\t\t\t\t<div class=\"elementor-element elementor-element-83cb4f8 elementor-widget elementor-widget-text-editor\" data-id=\"83cb4f8\" data-element_type=\"widget\" data-e-type=\"widget\" data-widget_type=\"text-editor.default\">\n\t\t\t\t<div class=\"elementor-widget-container\">\n\t\t\t\t\t\t\t\t\t<ul>\n<li>Kualifikimet \/ K\u00ebrkesat <p>\u00b7 te kete mbaruar asrsimin e larte(minimumi diplome 3-vjecare) ne nje nga fakultetet me baze informatiken.<br>\u00b7 te njohi gjuhen e programimit JAVA.<br>\u00b7 te kete njohuri mbi bazat e te dhenave si ORACLE, MYSQL.<br>\u00b7 te kete njohurite mbi HTML5, REACT JS, CSS3, NODE, JSF, JBOSS, SEAM, PENTAHO, jBPM perbejne avantazh per kandidatin<br>\u00b7 te kete aft\u00ebsi dalluese n\u00eb analiz\u00ebn dhe zgjedhjen e problemeve t\u00eb ndryshme.<br>\u00b7 puna n\u00eb grup \u00ebsht\u00eb thelb\u00ebsore.<br>\u00b7 njohja e gjuhes italiane dhe angleze ne nje nivel komunikimi te pakten mesatar eshte shume e rendesishme.<br>\u00b7 t\u00eb jet\u00eb i disponuesh\u00ebm t\u00eb mesoje teknologji t\u00eb reja dhe ti p\u00ebrvet\u00ebsoje ato.<\/li>\n<\/ul>\n\t\t\t\t\t\t\t\t<\/div>\n\t\t\t\t<\/div>\n\t\t\t\t<div class=\"elementor-element elementor-element-2d1d975 elementor-widget elementor-widget-text-editor\" data-id=\"2d1d975\" data-element_type=\"widget\" data-e-type=\"widget\" data-widget_type=\"text-editor.default\">\n\t\t\t\t<div class=\"elementor-widget-container\">\n\t\t\t\t\t\t\t\t\t<p>Te punosh ne Armundia do te thote te jesh pjese e nje Grupi qe perballet me sfida dhe projekte te ndryshme nderkombetare. Ne Armundia punohet dhe mesohet shume. Rritja teknike dhe profesionale e personave te grupit tone eshte prioritet i kompanise. Eksperienca nuk eshte e nevojshme. Kandidatet e perzgjedhur do punesohen me nje kontrate te rregullt dhe do te nisin nje training on the job i perpiluar nga kompania i kolauduar gjate ketyre viteve.     <\/p>\n<p>Ne qofte se deshironi te punoni ne Armundia dhe mendoni se plotesoni kushtet teknike te mesiperme ju lutemi te na dergoni CV tuaj ne adresen <strong><span style=\"color: #d2091e;\"><a style=\"color: #d2091e;\" href=\"mailto:talent@armundiafactory.com\">talent@armundiafactory.com<\/a><\/span><\/strong><\/p>\n\t\t\t\t\t\t\t\t<\/div>\n\t\t\t\t<\/div>\n\t\t\t\t\t<\/div>\n\t\t\t\t<\/div>\n\t\t\t\t<\/div>\n\t\t","protected":false},"excerpt":{"rendered":"<p>Junior Java Developer Armundia Factory eshte nje software house e kontrolluar nga Armundia Group, nje kompani italiane me seli ne Rome. Stafi i Armundia Group ka nje eksperience 20 vjecare mbi implementimin e software per bankat, financen dhe siguracionet. Kandidati do te punoje me teknologjite me te avancuara JAVA2EE per ndertimin dhe mirmbajtjen e aplikacioneve&#8230;<\/p>\n","protected":false},"author":1,"featured_media":0,"parent":0,"menu_order":0,"comment_status":"closed","ping_status":"closed","template":"","meta":{"_kad_post_transparent":"disable","_kad_post_title":"hide","_kad_post_layout":"fullwidth","_kad_post_sidebar_id":"","_kad_post_content_style":"unboxed","_kad_post_vertical_padding":"hide","_kad_post_feature":"","_kad_post_feature_position":"","_kad_post_header":false,"_kad_post_footer":false,"_kad_post_classname":"","footnotes":""},"class_list":["post-4446","page","type-page","status-publish","hentry"],"yoast_head":"<!-- This site is optimized with the Yoast SEO Premium plugin v23.6 (Yoast SEO v27.3) - https:\/\/yoast.com\/product\/yoast-seo-premium-wordpress\/ -->\n<title>Junior Java Developer -<\/title>\n<meta name=\"robots\" content=\"index, follow, max-snippet:-1, max-image-preview:large, max-video-preview:-1\" \/>\n<link rel=\"canonical\" href=\"https:\/\/armundiafactory.com\/junior-java-developer\/\" \/>\n<meta property=\"og:locale\" content=\"en_US\" \/>\n<meta property=\"og:type\" content=\"article\" \/>\n<meta property=\"og:title\" content=\"Junior Java Developer\" \/>\n<meta property=\"og:description\" content=\"Junior Java Developer Armundia Factory eshte nje software house e kontrolluar nga Armundia Group, nje kompani italiane me seli ne Rome. Stafi i Armundia Group ka nje eksperience 20 vjecare mbi implementimin e software per bankat, financen dhe siguracionet. Kandidati do te punoje me teknologjite me te avancuara JAVA2EE per ndertimin dhe mirmbajtjen e aplikacioneve...\" \/>\n<meta property=\"og:url\" content=\"https:\/\/armundiafactory.com\/junior-java-developer\/\" \/>\n<meta property=\"article:modified_time\" content=\"2024-10-04T08:44:12+00:00\" \/>\n<meta name=\"twitter:card\" content=\"summary_large_image\" \/>\n<meta name=\"twitter:label1\" content=\"Est. reading time\" \/>\n\t<meta name=\"twitter:data1\" content=\"1 minute\" \/>\n<script type=\"application\/ld+json\" class=\"yoast-schema-graph\">{\"@context\":\"https:\\\/\\\/schema.org\",\"@graph\":[{\"@type\":\"WebPage\",\"@id\":\"https:\\\/\\\/armundiafactory.com\\\/junior-java-developer\\\/\",\"url\":\"https:\\\/\\\/armundiafactory.com\\\/junior-java-developer\\\/\",\"name\":\"Junior Java Developer -\",\"isPartOf\":{\"@id\":\"https:\\\/\\\/armundiafactory.com\\\/en\\\/#website\"},\"datePublished\":\"2024-10-04T08:41:39+00:00\",\"dateModified\":\"2024-10-04T08:44:12+00:00\",\"breadcrumb\":{\"@id\":\"https:\\\/\\\/armundiafactory.com\\\/junior-java-developer\\\/#breadcrumb\"},\"inLanguage\":\"en-US\",\"potentialAction\":[{\"@type\":\"ReadAction\",\"target\":[\"https:\\\/\\\/armundiafactory.com\\\/junior-java-developer\\\/\"]}]},{\"@type\":\"BreadcrumbList\",\"@id\":\"https:\\\/\\\/armundiafactory.com\\\/junior-java-developer\\\/#breadcrumb\",\"itemListElement\":[{\"@type\":\"ListItem\",\"position\":1,\"name\":\"Home\",\"item\":\"https:\\\/\\\/armundiafactory.com\\\/en\\\/\"},{\"@type\":\"ListItem\",\"position\":2,\"name\":\"Junior Java Developer\"}]},{\"@type\":\"WebSite\",\"@id\":\"https:\\\/\\\/armundiafactory.com\\\/en\\\/#website\",\"url\":\"https:\\\/\\\/armundiafactory.com\\\/en\\\/\",\"name\":\"\",\"description\":\"\",\"potentialAction\":[{\"@type\":\"SearchAction\",\"target\":{\"@type\":\"EntryPoint\",\"urlTemplate\":\"https:\\\/\\\/armundiafactory.com\\\/en\\\/?s={search_term_string}\"},\"query-input\":{\"@type\":\"PropertyValueSpecification\",\"valueRequired\":true,\"valueName\":\"search_term_string\"}}],\"inLanguage\":\"en-US\"}]}<\/script>\n<!-- \/ Yoast SEO Premium plugin. -->","yoast_head_json":{"title":"Junior Java Developer -","robots":{"index":"index","follow":"follow","max-snippet":"max-snippet:-1","max-image-preview":"max-image-preview:large","max-video-preview":"max-video-preview:-1"},"canonical":"https:\/\/armundiafactory.com\/junior-java-developer\/","og_locale":"en_US","og_type":"article","og_title":"Junior Java Developer","og_description":"Junior Java Developer Armundia Factory eshte nje software house e kontrolluar nga Armundia Group, nje kompani italiane me seli ne Rome. Stafi i Armundia Group ka nje eksperience 20 vjecare mbi implementimin e software per bankat, financen dhe siguracionet. Kandidati do te punoje me teknologjite me te avancuara JAVA2EE per ndertimin dhe mirmbajtjen e aplikacioneve...","og_url":"https:\/\/armundiafactory.com\/junior-java-developer\/","article_modified_time":"2024-10-04T08:44:12+00:00","twitter_card":"summary_large_image","twitter_misc":{"Est. reading time":"1 minute"},"schema":{"@context":"https:\/\/schema.org","@graph":[{"@type":"WebPage","@id":"https:\/\/armundiafactory.com\/junior-java-developer\/","url":"https:\/\/armundiafactory.com\/junior-java-developer\/","name":"Junior Java Developer -","isPartOf":{"@id":"https:\/\/armundiafactory.com\/en\/#website"},"datePublished":"2024-10-04T08:41:39+00:00","dateModified":"2024-10-04T08:44:12+00:00","breadcrumb":{"@id":"https:\/\/armundiafactory.com\/junior-java-developer\/#breadcrumb"},"inLanguage":"en-US","potentialAction":[{"@type":"ReadAction","target":["https:\/\/armundiafactory.com\/junior-java-developer\/"]}]},{"@type":"BreadcrumbList","@id":"https:\/\/armundiafactory.com\/junior-java-developer\/#breadcrumb","itemListElement":[{"@type":"ListItem","position":1,"name":"Home","item":"https:\/\/armundiafactory.com\/en\/"},{"@type":"ListItem","position":2,"name":"Junior Java Developer"}]},{"@type":"WebSite","@id":"https:\/\/armundiafactory.com\/en\/#website","url":"https:\/\/armundiafactory.com\/en\/","name":"","description":"","potentialAction":[{"@type":"SearchAction","target":{"@type":"EntryPoint","urlTemplate":"https:\/\/armundiafactory.com\/en\/?s={search_term_string}"},"query-input":{"@type":"PropertyValueSpecification","valueRequired":true,"valueName":"search_term_string"}}],"inLanguage":"en-US"}]}},"_links":{"self":[{"href":"https:\/\/armundiafactory.com\/en\/wp-json\/wp\/v2\/pages\/4446","targetHints":{"allow":["GET"]}}],"collection":[{"href":"https:\/\/armundiafactory.com\/en\/wp-json\/wp\/v2\/pages"}],"about":[{"href":"https:\/\/armundiafactory.com\/en\/wp-json\/wp\/v2\/types\/page"}],"author":[{"embeddable":true,"href":"https:\/\/armundiafactory.com\/en\/wp-json\/wp\/v2\/users\/1"}],"replies":[{"embeddable":true,"href":"https:\/\/armundiafactory.com\/en\/wp-json\/wp\/v2\/comments?post=4446"}],"version-history":[{"count":2,"href":"https:\/\/armundiafactory.com\/en\/wp-json\/wp\/v2\/pages\/4446\/revisions"}],"predecessor-version":[{"id":4448,"href":"https:\/\/armundiafactory.com\/en\/wp-json\/wp\/v2\/pages\/4446\/revisions\/4448"}],"wp:attachment":[{"href":"https:\/\/armundiafactory.com\/en\/wp-json\/wp\/v2\/media?parent=4446"}],"curies":[{"name":"wp","href":"https:\/\/api.w.org\/{rel}","templated":true}]}}