{"id":4457,"date":"2024-10-04T08:45:11","date_gmt":"2024-10-04T08:45:11","guid":{"rendered":"https:\/\/armundiafactory.com\/full-stack-developer\/"},"modified":"2024-10-04T08:47:09","modified_gmt":"2024-10-04T08:47:09","slug":"full-stack-developer","status":"publish","type":"page","link":"https:\/\/armundiafactory.com\/en\/full-stack-developer\/","title":{"rendered":"Full Stack Developer"},"content":{"rendered":"\t\t<div data-elementor-type=\"wp-page\" data-elementor-id=\"4457\" class=\"elementor elementor-4457 elementor-4450\" data-elementor-post-type=\"page\">\n\t\t\t\t<div class=\"elementor-element elementor-element-da43b06 e-flex e-con-boxed e-con e-parent\" data-id=\"da43b06\" data-element_type=\"container\" data-e-type=\"container\" data-settings=\"{&quot;background_background&quot;:&quot;classic&quot;}\">\n\t\t\t\t\t<div class=\"e-con-inner\">\n\t\t<div class=\"elementor-element elementor-element-ca78d0e e-con-full e-flex e-con e-child\" data-id=\"ca78d0e\" data-element_type=\"container\" data-e-type=\"container\">\n\t\t\t\t<div class=\"elementor-element elementor-element-ac0eb77 elementor-widget elementor-widget-heading\" data-id=\"ac0eb77\" data-element_type=\"widget\" data-e-type=\"widget\" data-widget_type=\"heading.default\">\n\t\t\t\t<div class=\"elementor-widget-container\">\n\t\t\t\t\t<h1 class=\"elementor-heading-title elementor-size-default\">Full Stack Developer<\/h1>\t\t\t\t<\/div>\n\t\t\t\t<\/div>\n\t\t\t\t<\/div>\n\t\t\t\t\t<\/div>\n\t\t\t\t<\/div>\n\t\t<div class=\"elementor-element elementor-element-f290aa8 e-flex e-con-boxed e-con e-parent\" data-id=\"f290aa8\" data-element_type=\"container\" data-e-type=\"container\">\n\t\t\t\t\t<div class=\"e-con-inner\">\n\t\t\t\t<div class=\"elementor-element elementor-element-014caad elementor-widget elementor-widget-text-editor\" data-id=\"014caad\" data-element_type=\"widget\" data-e-type=\"widget\" data-widget_type=\"text-editor.default\">\n\t\t\t\t<div class=\"elementor-widget-container\">\n\t\t\t\t\t\t\t\t\t<p>Armundia Factory eshte nje software house e kontrolluar nga Armundia Group, nje kompani italiane me seli ne Rome.<br>Stafi i Armundia Group ka nje eksperience 20 vjecare mbi implementimin e software per bankat, financen dhe siguracionet.<\/p>\n<p>Per degen e Tiranes kerkohen persona qe plotesojne kushtet e meposhtme:<\/p>\n\t\t\t\t\t\t\t\t<\/div>\n\t\t\t\t<\/div>\n\t\t\t\t<div class=\"elementor-element elementor-element-2f1f27b elementor-widget elementor-widget-text-editor\" data-id=\"2f1f27b\" data-element_type=\"widget\" data-e-type=\"widget\" data-widget_type=\"text-editor.default\">\n\t\t\t\t<div class=\"elementor-widget-container\">\n\t\t\t\t\t\t\t\t\t<ul>\n<li>Kualifikimet \/ K\u00ebrkesat<br>\u00b7 te kete mbaruar asrsimin e larte(minimumi diplome 3-vjecare) ne nje nga fakultetet me baze informatiken.<br>\u00b7 te kete experienc\u00eb mbi 2 vite n\u00eb bot\u00ebn e programimit.<br>\u00b7 te kete experienc\u00eb n\u00eb REACT JS, HTML5, CSS3, NODE JS, JAVA EE, MAVEN, Hibernate, JPA.<br>\u00b7 te kete njohuri mbi bazat e t\u00eb dh\u00ebnave si ORACLE, SQL Server, MYSQL.<br>\u00b7 te kete aft\u00ebsi dalluese n\u00eb analiz\u00ebn dhe zgjedhjen e problemeve t\u00eb ndryshme.<br>\u00b7 puna n\u00eb grup \u00ebsht\u00eb thelb\u00ebsore.<br>\u00b7 njohja e gjuhes italiane dhe angleze ne nje nivel komunikimi te pakten mesatar eshte shume e rendesishme.<br>\u00b7 t\u00eb jet\u00eb i disponuesh\u00ebm t\u00eb mesoje teknologji t\u00eb reja dhe ti p\u00ebrvet\u00ebsoje ato.<\/li>\n<\/ul>\n\t\t\t\t\t\t\t\t<\/div>\n\t\t\t\t<\/div>\n\t\t\t\t<div class=\"elementor-element elementor-element-083b064 elementor-widget elementor-widget-text-editor\" data-id=\"083b064\" data-element_type=\"widget\" data-e-type=\"widget\" data-widget_type=\"text-editor.default\">\n\t\t\t\t<div class=\"elementor-widget-container\">\n\t\t\t\t\t\t\t\t\t<p>Te punosh ne Armundia do te thote te jesh pjese e nje Grupi qe perballet me sfida dhe projekte te ndryshme nderkombetare. Ne Armundia punohet dhe mesohet shume. Rritja teknike dhe profesionale e personave te grupit tone eshte prioritet i kompanise. Eksperienca nuk eshte e nevojshme. Kandidatet e perzgjedhur do punesohen me nje kontrate te rregullt dhe do te nisin nje training on the job i perpiluar nga kompania i kolauduar gjate ketyre viteve.     <\/p>\n<p>Ne qofte se deshironi te punoni ne Armundia dhe mendoni se plotesoni kushtet teknike te mesiperme ju lutemi te na dergoni CV tuaj ne adresen <strong><span style=\"color: #d2091e;\"><a style=\"color: #d2091e;\" href=\"mailto:talent@armundiafactory.com\">talent@armundiafactory.com<\/a><\/span><\/strong><\/p>\n\t\t\t\t\t\t\t\t<\/div>\n\t\t\t\t<\/div>\n\t\t\t\t\t<\/div>\n\t\t\t\t<\/div>\n\t\t\t\t<\/div>\n\t\t","protected":false},"excerpt":{"rendered":"<p>Full Stack Developer Armundia Factory eshte nje software house e kontrolluar nga Armundia Group, nje kompani italiane me seli ne Rome. Stafi i Armundia Group ka nje eksperience 20 vjecare mbi implementimin e software per bankat, financen dhe siguracionet. Per degen e Tiranes kerkohen persona qe plotesojne kushtet e meposhtme: Kualifikimet \/ K\u00ebrkesat \u00b7 te&#8230;<\/p>\n","protected":false},"author":1,"featured_media":0,"parent":0,"menu_order":0,"comment_status":"closed","ping_status":"closed","template":"","meta":{"_kad_post_transparent":"disable","_kad_post_title":"hide","_kad_post_layout":"fullwidth","_kad_post_sidebar_id":"","_kad_post_content_style":"unboxed","_kad_post_vertical_padding":"hide","_kad_post_feature":"","_kad_post_feature_position":"","_kad_post_header":false,"_kad_post_footer":false,"_kad_post_classname":"","footnotes":""},"class_list":["post-4457","page","type-page","status-publish","hentry"],"yoast_head":"<!-- This site is optimized with the Yoast SEO Premium plugin v23.6 (Yoast SEO v27.3) - https:\/\/yoast.com\/product\/yoast-seo-premium-wordpress\/ -->\n<title>Full Stack Developer -<\/title>\n<meta name=\"robots\" content=\"index, follow, max-snippet:-1, max-image-preview:large, max-video-preview:-1\" \/>\n<link rel=\"canonical\" href=\"https:\/\/armundiafactory.com\/full-stack-developer\/\" \/>\n<meta property=\"og:locale\" content=\"en_US\" \/>\n<meta property=\"og:type\" content=\"article\" \/>\n<meta property=\"og:title\" content=\"Full Stack Developer\" \/>\n<meta property=\"og:description\" content=\"Full Stack Developer Armundia Factory eshte nje software house e kontrolluar nga Armundia Group, nje kompani italiane me seli ne Rome. Stafi i Armundia Group ka nje eksperience 20 vjecare mbi implementimin e software per bankat, financen dhe siguracionet. Per degen e Tiranes kerkohen persona qe plotesojne kushtet e meposhtme: Kualifikimet \/ K\u00ebrkesat \u00b7 te...\" \/>\n<meta property=\"og:url\" content=\"https:\/\/armundiafactory.com\/full-stack-developer\/\" \/>\n<meta property=\"article:modified_time\" content=\"2024-10-04T08:47:09+00:00\" \/>\n<meta name=\"twitter:card\" content=\"summary_large_image\" \/>\n<meta name=\"twitter:label1\" content=\"Est. reading time\" \/>\n\t<meta name=\"twitter:data1\" content=\"1 minute\" \/>\n<script type=\"application\/ld+json\" class=\"yoast-schema-graph\">{\"@context\":\"https:\\\/\\\/schema.org\",\"@graph\":[{\"@type\":\"WebPage\",\"@id\":\"https:\\\/\\\/armundiafactory.com\\\/full-stack-developer\\\/\",\"url\":\"https:\\\/\\\/armundiafactory.com\\\/full-stack-developer\\\/\",\"name\":\"Full Stack Developer -\",\"isPartOf\":{\"@id\":\"https:\\\/\\\/armundiafactory.com\\\/en\\\/#website\"},\"datePublished\":\"2024-10-04T08:45:11+00:00\",\"dateModified\":\"2024-10-04T08:47:09+00:00\",\"breadcrumb\":{\"@id\":\"https:\\\/\\\/armundiafactory.com\\\/full-stack-developer\\\/#breadcrumb\"},\"inLanguage\":\"en-US\",\"potentialAction\":[{\"@type\":\"ReadAction\",\"target\":[\"https:\\\/\\\/armundiafactory.com\\\/full-stack-developer\\\/\"]}]},{\"@type\":\"BreadcrumbList\",\"@id\":\"https:\\\/\\\/armundiafactory.com\\\/full-stack-developer\\\/#breadcrumb\",\"itemListElement\":[{\"@type\":\"ListItem\",\"position\":1,\"name\":\"Home\",\"item\":\"https:\\\/\\\/armundiafactory.com\\\/en\\\/\"},{\"@type\":\"ListItem\",\"position\":2,\"name\":\"Full Stack Developer\"}]},{\"@type\":\"WebSite\",\"@id\":\"https:\\\/\\\/armundiafactory.com\\\/en\\\/#website\",\"url\":\"https:\\\/\\\/armundiafactory.com\\\/en\\\/\",\"name\":\"\",\"description\":\"\",\"potentialAction\":[{\"@type\":\"SearchAction\",\"target\":{\"@type\":\"EntryPoint\",\"urlTemplate\":\"https:\\\/\\\/armundiafactory.com\\\/en\\\/?s={search_term_string}\"},\"query-input\":{\"@type\":\"PropertyValueSpecification\",\"valueRequired\":true,\"valueName\":\"search_term_string\"}}],\"inLanguage\":\"en-US\"}]}<\/script>\n<!-- \/ Yoast SEO Premium plugin. -->","yoast_head_json":{"title":"Full Stack Developer -","robots":{"index":"index","follow":"follow","max-snippet":"max-snippet:-1","max-image-preview":"max-image-preview:large","max-video-preview":"max-video-preview:-1"},"canonical":"https:\/\/armundiafactory.com\/full-stack-developer\/","og_locale":"en_US","og_type":"article","og_title":"Full Stack Developer","og_description":"Full Stack Developer Armundia Factory eshte nje software house e kontrolluar nga Armundia Group, nje kompani italiane me seli ne Rome. Stafi i Armundia Group ka nje eksperience 20 vjecare mbi implementimin e software per bankat, financen dhe siguracionet. Per degen e Tiranes kerkohen persona qe plotesojne kushtet e meposhtme: Kualifikimet \/ K\u00ebrkesat \u00b7 te...","og_url":"https:\/\/armundiafactory.com\/full-stack-developer\/","article_modified_time":"2024-10-04T08:47:09+00:00","twitter_card":"summary_large_image","twitter_misc":{"Est. reading time":"1 minute"},"schema":{"@context":"https:\/\/schema.org","@graph":[{"@type":"WebPage","@id":"https:\/\/armundiafactory.com\/full-stack-developer\/","url":"https:\/\/armundiafactory.com\/full-stack-developer\/","name":"Full Stack Developer -","isPartOf":{"@id":"https:\/\/armundiafactory.com\/en\/#website"},"datePublished":"2024-10-04T08:45:11+00:00","dateModified":"2024-10-04T08:47:09+00:00","breadcrumb":{"@id":"https:\/\/armundiafactory.com\/full-stack-developer\/#breadcrumb"},"inLanguage":"en-US","potentialAction":[{"@type":"ReadAction","target":["https:\/\/armundiafactory.com\/full-stack-developer\/"]}]},{"@type":"BreadcrumbList","@id":"https:\/\/armundiafactory.com\/full-stack-developer\/#breadcrumb","itemListElement":[{"@type":"ListItem","position":1,"name":"Home","item":"https:\/\/armundiafactory.com\/en\/"},{"@type":"ListItem","position":2,"name":"Full Stack Developer"}]},{"@type":"WebSite","@id":"https:\/\/armundiafactory.com\/en\/#website","url":"https:\/\/armundiafactory.com\/en\/","name":"","description":"","potentialAction":[{"@type":"SearchAction","target":{"@type":"EntryPoint","urlTemplate":"https:\/\/armundiafactory.com\/en\/?s={search_term_string}"},"query-input":{"@type":"PropertyValueSpecification","valueRequired":true,"valueName":"search_term_string"}}],"inLanguage":"en-US"}]}},"_links":{"self":[{"href":"https:\/\/armundiafactory.com\/en\/wp-json\/wp\/v2\/pages\/4457","targetHints":{"allow":["GET"]}}],"collection":[{"href":"https:\/\/armundiafactory.com\/en\/wp-json\/wp\/v2\/pages"}],"about":[{"href":"https:\/\/armundiafactory.com\/en\/wp-json\/wp\/v2\/types\/page"}],"author":[{"embeddable":true,"href":"https:\/\/armundiafactory.com\/en\/wp-json\/wp\/v2\/users\/1"}],"replies":[{"embeddable":true,"href":"https:\/\/armundiafactory.com\/en\/wp-json\/wp\/v2\/comments?post=4457"}],"version-history":[{"count":2,"href":"https:\/\/armundiafactory.com\/en\/wp-json\/wp\/v2\/pages\/4457\/revisions"}],"predecessor-version":[{"id":4459,"href":"https:\/\/armundiafactory.com\/en\/wp-json\/wp\/v2\/pages\/4457\/revisions\/4459"}],"wp:attachment":[{"href":"https:\/\/armundiafactory.com\/en\/wp-json\/wp\/v2\/media?parent=4457"}],"curies":[{"name":"wp","href":"https:\/\/api.w.org\/{rel}","templated":true}]}}