{"id":1210,"date":"2024-08-30T12:44:12","date_gmt":"2024-08-30T12:44:12","guid":{"rendered":"https:\/\/armundiafactory.com\/kontakt\/"},"modified":"2024-10-21T09:59:54","modified_gmt":"2024-10-21T09:59:54","slug":"contact-us","status":"publish","type":"page","link":"https:\/\/armundiafactory.com\/sq\/contact-us\/","title":{"rendered":"Kontakt"},"content":{"rendered":"\t\t<div data-elementor-type=\"wp-page\" data-elementor-id=\"1210\" class=\"elementor elementor-1210 elementor-9\" data-elementor-post-type=\"page\">\n\t\t\t\t<div class=\"elementor-element elementor-element-5251b79 e-con-full e-flex e-con e-parent\" data-id=\"5251b79\" data-element_type=\"container\" data-e-type=\"container\" data-settings=\"{&quot;background_background&quot;:&quot;classic&quot;,&quot;background_motion_fx_motion_fx_scrolling&quot;:&quot;yes&quot;,&quot;shape_divider_bottom&quot;:&quot;opacity-tilt&quot;,&quot;motion_fx_motion_fx_scrolling&quot;:&quot;yes&quot;,&quot;background_motion_fx_devices&quot;:[&quot;desktop&quot;,&quot;tablet&quot;,&quot;mobile&quot;],&quot;motion_fx_devices&quot;:[&quot;desktop&quot;,&quot;tablet&quot;,&quot;mobile&quot;]}\">\n\t\t\t\t<div class=\"elementor-shape elementor-shape-bottom\" aria-hidden=\"true\" data-negative=\"false\">\n\t\t\t<svg xmlns=\"http:\/\/www.w3.org\/2000\/svg\" viewBox=\"0 0 2600 131.1\" preserveAspectRatio=\"none\">\n\t<path class=\"elementor-shape-fill\" d=\"M0 0L2600 0 2600 69.1 0 0z\"\/>\n\t<path class=\"elementor-shape-fill\" style=\"opacity:0.5\" d=\"M0 0L2600 0 2600 69.1 0 69.1z\"\/>\n\t<path class=\"elementor-shape-fill\" style=\"opacity:0.25\" d=\"M2600 0L0 0 0 130.1 2600 69.1z\"\/>\n<\/svg>\t\t<\/div>\n\t\t\t\t<div class=\"elementor-element elementor-element-95697e4 elementor-widget elementor-widget-spacer\" data-id=\"95697e4\" data-element_type=\"widget\" data-e-type=\"widget\" data-widget_type=\"spacer.default\">\n\t\t\t\t<div class=\"elementor-widget-container\">\n\t\t\t\t\t\t\t<div class=\"elementor-spacer\">\n\t\t\t<div class=\"elementor-spacer-inner\"><\/div>\n\t\t<\/div>\n\t\t\t\t\t\t<\/div>\n\t\t\t\t<\/div>\n\t\t\t\t<div class=\"elementor-element elementor-element-161b43a elementor-widget elementor-widget-heading\" data-id=\"161b43a\" data-element_type=\"widget\" data-e-type=\"widget\" data-widget_type=\"heading.default\">\n\t\t\t\t<div class=\"elementor-widget-container\">\n\t\t\t\t\t<h1 class=\"elementor-heading-title elementor-size-default\">Kontakt<\/h1>\t\t\t\t<\/div>\n\t\t\t\t<\/div>\n\t\t\t\t<div class=\"elementor-element elementor-element-92ac622 elementor-widget elementor-widget-spacer\" data-id=\"92ac622\" data-element_type=\"widget\" data-e-type=\"widget\" data-widget_type=\"spacer.default\">\n\t\t\t\t<div class=\"elementor-widget-container\">\n\t\t\t\t\t\t\t<div class=\"elementor-spacer\">\n\t\t\t<div class=\"elementor-spacer-inner\"><\/div>\n\t\t<\/div>\n\t\t\t\t\t\t<\/div>\n\t\t\t\t<\/div>\n\t\t\t\t<\/div>\n\t\t<div class=\"elementor-element elementor-element-29ed0c0 e-flex e-con-boxed e-con e-parent\" data-id=\"29ed0c0\" data-element_type=\"container\" data-e-type=\"container\">\n\t\t\t\t\t<div class=\"e-con-inner\">\n\t\t\t\t<div class=\"elementor-element elementor-element-0910319 elementor-widget elementor-widget-heading\" data-id=\"0910319\" data-element_type=\"widget\" data-e-type=\"widget\" data-widget_type=\"heading.default\">\n\t\t\t\t<div class=\"elementor-widget-container\">\n\t\t\t\t\t<h2 class=\"elementor-heading-title elementor-size-default\">Na kontaktoni p\u00ebr t\u00eb m\u00ebsuar m\u00eb shum\u00eb\n\n<\/h2>\t\t\t\t<\/div>\n\t\t\t\t<\/div>\n\t\t\t\t\t<\/div>\n\t\t\t\t<\/div>\n\t\t<div class=\"elementor-element elementor-element-960ea36 e-flex e-con-boxed e-con e-parent\" data-id=\"960ea36\" data-element_type=\"container\" data-e-type=\"container\">\n\t\t\t\t\t<div class=\"e-con-inner\">\n\t\t<div class=\"elementor-element elementor-element-24a6393 e-con-full e-flex e-con e-child\" data-id=\"24a6393\" data-element_type=\"container\" data-e-type=\"container\">\n\t\t\t\t<div class=\"elementor-element elementor-element-e4c002a e-transform elementor-widget elementor-widget-text-editor\" data-id=\"e4c002a\" data-element_type=\"widget\" data-e-type=\"widget\" data-settings=\"{&quot;_transform_rotateZ_effect&quot;:{&quot;unit&quot;:&quot;px&quot;,&quot;size&quot;:&quot;&quot;,&quot;sizes&quot;:[]},&quot;_transform_rotateZ_effect_tablet&quot;:{&quot;unit&quot;:&quot;deg&quot;,&quot;size&quot;:&quot;&quot;,&quot;sizes&quot;:[]},&quot;_transform_rotateZ_effect_mobile&quot;:{&quot;unit&quot;:&quot;deg&quot;,&quot;size&quot;:&quot;&quot;,&quot;sizes&quot;:[]}}\" data-widget_type=\"text-editor.default\">\n\t\t\t\t<div class=\"elementor-widget-container\">\n\t\t\t\t\t\t\t\t\t<p style=\"text-align: center;\"><img decoding=\"async\" class=\"wp-image-1806 aligncenter\" src=\"https:\/\/armundiafactory.com\/wp-content\/uploads\/2024\/09\/edit-1.png\" alt=\"\" width=\"32\" height=\"32\" \/><\/p>\n<p style=\"text-align: center;\">Rezervoni nj\u00eb takim<\/p>\n<p style=\"font-size: 18px; text-align: center;\">Programoni nj\u00eb takim me kompanin\u00eb ton\u00eb <\/p>\n<p style=\"text-align: center; font-size: 18px;\"><strong><span style=\"color: #d2091e;\"><a style=\"color: #d2091e;\" href=\"mail:info@armundiafactory.com\">info@armundiafactory.com<\/a><\/span><\/strong><\/p>\t\t\t\t\t\t\t\t<\/div>\n\t\t\t\t<\/div>\n\t\t\t\t<\/div>\n\t\t<div class=\"elementor-element elementor-element-3192d5e e-con-full e-flex e-con e-child\" data-id=\"3192d5e\" data-element_type=\"container\" data-e-type=\"container\">\n\t\t\t\t<div class=\"elementor-element elementor-element-d148920 e-transform elementor-widget elementor-widget-text-editor\" data-id=\"d148920\" data-element_type=\"widget\" data-e-type=\"widget\" data-settings=\"{&quot;_transform_rotateZ_effect&quot;:{&quot;unit&quot;:&quot;px&quot;,&quot;size&quot;:&quot;&quot;,&quot;sizes&quot;:[]},&quot;_transform_rotateZ_effect_tablet&quot;:{&quot;unit&quot;:&quot;deg&quot;,&quot;size&quot;:&quot;&quot;,&quot;sizes&quot;:[]},&quot;_transform_rotateZ_effect_mobile&quot;:{&quot;unit&quot;:&quot;deg&quot;,&quot;size&quot;:&quot;&quot;,&quot;sizes&quot;:[]}}\" data-widget_type=\"text-editor.default\">\n\t\t\t\t<div class=\"elementor-widget-container\">\n\t\t\t\t\t\t\t\t\t<p style=\"text-align: center;\"><img decoding=\"async\" class=\"wp-image-1812 aligncenter\" src=\"https:\/\/armundiafactory.com\/wp-content\/uploads\/2024\/09\/program.png\" alt=\"\" width=\"32\" height=\"32\"><\/p>\n<p style=\"text-align: center;\">Punoni me ne<\/p>\n<p style=\"font-size: 18px; text-align: center;\">D\u00ebrgoni CV tuaj n\u00eb adres\u00ebn ton\u00eb t\u00eb email<\/p>\n<p style=\"text-align: center; font-size: 18px;\"><strong><span style=\"color: #d2091e;\"><a style=\"color: #d2091e;\" href=\"mailto:talent@armundiafactory.com\">talent@armundiafactory.com<\/a><\/span><\/strong><\/p>\t\t\t\t\t\t\t\t<\/div>\n\t\t\t\t<\/div>\n\t\t\t\t<\/div>\n\t\t\t\t\t<\/div>\n\t\t\t\t<\/div>\n\t\t<div class=\"elementor-element elementor-element-128680a e-flex e-con-boxed e-con e-parent\" data-id=\"128680a\" data-element_type=\"container\" data-e-type=\"container\">\n\t\t\t\t\t<div class=\"e-con-inner\">\n\t\t\t\t<div class=\"elementor-element elementor-element-4c41b22 elementor-widget elementor-widget-heading\" data-id=\"4c41b22\" data-element_type=\"widget\" data-e-type=\"widget\" data-widget_type=\"heading.default\">\n\t\t\t\t<div class=\"elementor-widget-container\">\n\t\t\t\t\t<h2 class=\"elementor-heading-title elementor-size-default\">Adresa<\/h2>\t\t\t\t<\/div>\n\t\t\t\t<\/div>\n\t\t\t\t<div class=\"elementor-element elementor-element-4db6851 elementor-widget elementor-widget-text-editor\" data-id=\"4db6851\" data-element_type=\"widget\" data-e-type=\"widget\" data-widget_type=\"text-editor.default\">\n\t\t\t\t<div class=\"elementor-widget-container\">\n\t\t\t\t\t\t\t\t\t<p><img decoding=\"async\" class=\"alignnone  wp-image-1141\" src=\"https:\/\/armundiafactory.com\/wp-content\/uploads\/2024\/09\/arrow.png\" alt=\"\" width=\"87\" height=\"87\" \/><\/p>\n\t\t\t\t\t\t\t\t<\/div>\n\t\t\t\t<\/div>\n\t\t\t\t\t<\/div>\n\t\t\t\t<\/div>\n\t\t<div class=\"elementor-element elementor-element-d14cf28 e-flex e-con-boxed e-con e-parent\" data-id=\"d14cf28\" data-element_type=\"container\" data-e-type=\"container\">\n\t\t\t\t\t<div class=\"e-con-inner\">\n\t\t\t\t<div class=\"elementor-element elementor-element-0272b5c elementor-widget elementor-widget-text-editor\" data-id=\"0272b5c\" data-element_type=\"widget\" data-e-type=\"widget\" data-widget_type=\"text-editor.default\">\n\t\t\t\t<div class=\"elementor-widget-container\">\n\t\t\t\t\t\t\t\t\t<p><iframe style=\"border: 0;\" src=\"https:\/\/www.google.com\/maps\/embed?pb=!1m14!1m8!1m3!1d11985.754910788033!2d19.7948786!3d41.3210723!3m2!1i1024!2i768!4f13.1!3m3!1m2!1s0x13503111045558c7%3A0xc819dcd4c4e50c4a!2sArmundia%20Factory%20Shpk!5e0!3m2!1sen!2s!4v1725032869791!5m2!1sen!2s\" width=\"600\" height=\"600\" allowfullscreen=\"allowfullscreen\"><\/iframe><\/p>\n\t\t\t\t\t\t\t\t<\/div>\n\t\t\t\t<\/div>\n\t\t\t\t\t<\/div>\n\t\t\t\t<\/div>\n\t\t\t\t<\/div>\n\t\t","protected":false},"excerpt":{"rendered":"<p>Kontakt Na kontaktoni p\u00ebr t\u00eb m\u00ebsuar m\u00eb shum\u00eb Rezervoni nj\u00eb takim Programoni nj\u00eb takim me kompanin\u00eb ton\u00eb info@armundiafactory.com Punoni me ne D\u00ebrgoni CV tuaj n\u00eb adres\u00ebn ton\u00eb t\u00eb email talent@armundiafactory.com Adresa<\/p>\n","protected":false},"author":1,"featured_media":0,"parent":0,"menu_order":0,"comment_status":"closed","ping_status":"closed","template":"elementor_header_footer","meta":{"_kad_post_transparent":"default","_kad_post_title":"default","_kad_post_layout":"default","_kad_post_sidebar_id":"","_kad_post_content_style":"default","_kad_post_vertical_padding":"default","_kad_post_feature":"","_kad_post_feature_position":"","_kad_post_header":false,"_kad_post_footer":false,"_kad_post_classname":"","footnotes":""},"class_list":["post-1210","page","type-page","status-publish","hentry"],"yoast_head":"<!-- This site is optimized with the Yoast SEO Premium plugin v23.6 (Yoast SEO v27.3) - https:\/\/yoast.com\/product\/yoast-seo-premium-wordpress\/ -->\n<title>Kontakt - Armundia Factory<\/title>\n<meta name=\"description\" content=\"Q\u00eb nga viti 2015, viti i themelimit t\u00eb saj, Armundia Factory i kushton v\u00ebmendje t\u00eb vazhdueshme zhvillimeve teknologjike.\" \/>\n<meta name=\"robots\" content=\"index, follow, max-snippet:-1, max-image-preview:large, max-video-preview:-1\" \/>\n<link rel=\"canonical\" href=\"https:\/\/armundiafactory.com\/contact-us\/\" \/>\n<meta property=\"og:locale\" content=\"sq_AL\" \/>\n<meta property=\"og:type\" content=\"article\" \/>\n<meta property=\"og:title\" content=\"Kontakt\" \/>\n<meta property=\"og:description\" content=\"Q\u00eb nga viti 2015, viti i themelimit t\u00eb saj, Armundia Factory i kushton v\u00ebmendje t\u00eb vazhdueshme zhvillimeve teknologjike.\" \/>\n<meta property=\"og:url\" content=\"https:\/\/armundiafactory.com\/contact-us\/\" \/>\n<meta property=\"article:modified_time\" content=\"2024-10-21T09:59:54+00:00\" \/>\n<meta property=\"og:image\" content=\"https:\/\/armundiafactory.com\/wp-content\/uploads\/2024\/09\/edit-1.png\" \/>\n<meta name=\"twitter:card\" content=\"summary_large_image\" \/>\n<meta name=\"twitter:label1\" content=\"Est. reading time\" \/>\n\t<meta name=\"twitter:data1\" content=\"1 minute\" \/>\n<script type=\"application\/ld+json\" class=\"yoast-schema-graph\">{\"@context\":\"https:\\\/\\\/schema.org\",\"@graph\":[{\"@type\":\"WebPage\",\"@id\":\"https:\\\/\\\/armundiafactory.com\\\/contact-us\\\/\",\"url\":\"https:\\\/\\\/armundiafactory.com\\\/contact-us\\\/\",\"name\":\"Kontakt - Armundia Factory\",\"isPartOf\":{\"@id\":\"https:\\\/\\\/armundiafactory.com\\\/en\\\/#website\"},\"primaryImageOfPage\":{\"@id\":\"https:\\\/\\\/armundiafactory.com\\\/contact-us\\\/#primaryimage\"},\"image\":{\"@id\":\"https:\\\/\\\/armundiafactory.com\\\/contact-us\\\/#primaryimage\"},\"thumbnailUrl\":\"https:\\\/\\\/armundiafactory.com\\\/wp-content\\\/uploads\\\/2024\\\/09\\\/edit-1.png\",\"datePublished\":\"2024-08-30T12:44:12+00:00\",\"dateModified\":\"2024-10-21T09:59:54+00:00\",\"description\":\"Q\u00eb nga viti 2015, viti i themelimit t\u00eb saj, Armundia Factory i kushton v\u00ebmendje t\u00eb vazhdueshme zhvillimeve teknologjike.\",\"breadcrumb\":{\"@id\":\"https:\\\/\\\/armundiafactory.com\\\/contact-us\\\/#breadcrumb\"},\"inLanguage\":\"sq-AL\",\"potentialAction\":[{\"@type\":\"ReadAction\",\"target\":[\"https:\\\/\\\/armundiafactory.com\\\/contact-us\\\/\"]}]},{\"@type\":\"ImageObject\",\"inLanguage\":\"sq-AL\",\"@id\":\"https:\\\/\\\/armundiafactory.com\\\/contact-us\\\/#primaryimage\",\"url\":\"https:\\\/\\\/armundiafactory.com\\\/wp-content\\\/uploads\\\/2024\\\/09\\\/edit-1.png\",\"contentUrl\":\"https:\\\/\\\/armundiafactory.com\\\/wp-content\\\/uploads\\\/2024\\\/09\\\/edit-1.png\"},{\"@type\":\"BreadcrumbList\",\"@id\":\"https:\\\/\\\/armundiafactory.com\\\/contact-us\\\/#breadcrumb\",\"itemListElement\":[{\"@type\":\"ListItem\",\"position\":1,\"name\":\"Home\",\"item\":\"https:\\\/\\\/armundiafactory.com\\\/\"},{\"@type\":\"ListItem\",\"position\":2,\"name\":\"Kontakt\"}]},{\"@type\":\"WebSite\",\"@id\":\"https:\\\/\\\/armundiafactory.com\\\/en\\\/#website\",\"url\":\"https:\\\/\\\/armundiafactory.com\\\/en\\\/\",\"name\":\"\",\"description\":\"\",\"potentialAction\":[{\"@type\":\"SearchAction\",\"target\":{\"@type\":\"EntryPoint\",\"urlTemplate\":\"https:\\\/\\\/armundiafactory.com\\\/en\\\/?s={search_term_string}\"},\"query-input\":{\"@type\":\"PropertyValueSpecification\",\"valueRequired\":true,\"valueName\":\"search_term_string\"}}],\"inLanguage\":\"sq-AL\"}]}<\/script>\n<!-- \/ Yoast SEO Premium plugin. -->","yoast_head_json":{"title":"Kontakt - Armundia Factory","description":"Q\u00eb nga viti 2015, viti i themelimit t\u00eb saj, Armundia Factory i kushton v\u00ebmendje t\u00eb vazhdueshme zhvillimeve teknologjike.","robots":{"index":"index","follow":"follow","max-snippet":"max-snippet:-1","max-image-preview":"max-image-preview:large","max-video-preview":"max-video-preview:-1"},"canonical":"https:\/\/armundiafactory.com\/contact-us\/","og_locale":"sq_AL","og_type":"article","og_title":"Kontakt","og_description":"Q\u00eb nga viti 2015, viti i themelimit t\u00eb saj, Armundia Factory i kushton v\u00ebmendje t\u00eb vazhdueshme zhvillimeve teknologjike.","og_url":"https:\/\/armundiafactory.com\/contact-us\/","article_modified_time":"2024-10-21T09:59:54+00:00","og_image":[{"url":"https:\/\/armundiafactory.com\/wp-content\/uploads\/2024\/09\/edit-1.png","type":"","width":"","height":""}],"twitter_card":"summary_large_image","twitter_misc":{"Est. reading time":"1 minute"},"schema":{"@context":"https:\/\/schema.org","@graph":[{"@type":"WebPage","@id":"https:\/\/armundiafactory.com\/contact-us\/","url":"https:\/\/armundiafactory.com\/contact-us\/","name":"Kontakt - Armundia Factory","isPartOf":{"@id":"https:\/\/armundiafactory.com\/en\/#website"},"primaryImageOfPage":{"@id":"https:\/\/armundiafactory.com\/contact-us\/#primaryimage"},"image":{"@id":"https:\/\/armundiafactory.com\/contact-us\/#primaryimage"},"thumbnailUrl":"https:\/\/armundiafactory.com\/wp-content\/uploads\/2024\/09\/edit-1.png","datePublished":"2024-08-30T12:44:12+00:00","dateModified":"2024-10-21T09:59:54+00:00","description":"Q\u00eb nga viti 2015, viti i themelimit t\u00eb saj, Armundia Factory i kushton v\u00ebmendje t\u00eb vazhdueshme zhvillimeve teknologjike.","breadcrumb":{"@id":"https:\/\/armundiafactory.com\/contact-us\/#breadcrumb"},"inLanguage":"sq-AL","potentialAction":[{"@type":"ReadAction","target":["https:\/\/armundiafactory.com\/contact-us\/"]}]},{"@type":"ImageObject","inLanguage":"sq-AL","@id":"https:\/\/armundiafactory.com\/contact-us\/#primaryimage","url":"https:\/\/armundiafactory.com\/wp-content\/uploads\/2024\/09\/edit-1.png","contentUrl":"https:\/\/armundiafactory.com\/wp-content\/uploads\/2024\/09\/edit-1.png"},{"@type":"BreadcrumbList","@id":"https:\/\/armundiafactory.com\/contact-us\/#breadcrumb","itemListElement":[{"@type":"ListItem","position":1,"name":"Home","item":"https:\/\/armundiafactory.com\/"},{"@type":"ListItem","position":2,"name":"Kontakt"}]},{"@type":"WebSite","@id":"https:\/\/armundiafactory.com\/en\/#website","url":"https:\/\/armundiafactory.com\/en\/","name":"","description":"","potentialAction":[{"@type":"SearchAction","target":{"@type":"EntryPoint","urlTemplate":"https:\/\/armundiafactory.com\/en\/?s={search_term_string}"},"query-input":{"@type":"PropertyValueSpecification","valueRequired":true,"valueName":"search_term_string"}}],"inLanguage":"sq-AL"}]}},"_links":{"self":[{"href":"https:\/\/armundiafactory.com\/sq\/wp-json\/wp\/v2\/pages\/1210","targetHints":{"allow":["GET"]}}],"collection":[{"href":"https:\/\/armundiafactory.com\/sq\/wp-json\/wp\/v2\/pages"}],"about":[{"href":"https:\/\/armundiafactory.com\/sq\/wp-json\/wp\/v2\/types\/page"}],"author":[{"embeddable":true,"href":"https:\/\/armundiafactory.com\/sq\/wp-json\/wp\/v2\/users\/1"}],"replies":[{"embeddable":true,"href":"https:\/\/armundiafactory.com\/sq\/wp-json\/wp\/v2\/comments?post=1210"}],"version-history":[{"count":52,"href":"https:\/\/armundiafactory.com\/sq\/wp-json\/wp\/v2\/pages\/1210\/revisions"}],"predecessor-version":[{"id":5094,"href":"https:\/\/armundiafactory.com\/sq\/wp-json\/wp\/v2\/pages\/1210\/revisions\/5094"}],"wp:attachment":[{"href":"https:\/\/armundiafactory.com\/sq\/wp-json\/wp\/v2\/media?parent=1210"}],"curies":[{"name":"wp","href":"https:\/\/api.w.org\/{rel}","templated":true}]}}